{"id":140,"date":"2024-08-22T23:27:24","date_gmt":"2024-08-22T23:27:24","guid":{"rendered":"https:\/\/fotomajica.si\/grafika\/?page_id=140"},"modified":"2024-08-22T23:58:35","modified_gmt":"2024-08-22T23:58:35","slug":"dostava","status":"publish","type":"page","link":"https:\/\/fotomajica.si\/grafika\/dostava\/","title":{"rendered":"Dostava"},"content":{"rendered":"<p>&nbsp;<\/p>\n<h1>Dostava<\/h1>\n<div class=\"page-body\">\n<table class=\"topicTable\" style=\"width: 100%;\" border=\"0\">\n<tbody>\n<tr>\n<td>\n<h3><strong>Dostava na dom<\/strong><\/h3>\n<\/td>\n<td>\n<h3><strong>Mo\u017enost dostave<\/strong><\/h3>\n<\/td>\n<\/tr>\n<tr>\n<td>Vsa naro\u010dila so navedena v \u20ac<\/td>\n<td>4,29 \u20ac &#8211; Po\u0161ta Slovenije<\/td>\n<\/tr>\n<tr>\n<td>posebej ozna\u010deni izdelki (izvzeti izdelki, akcije)<\/td>\n<td>BREZPLA\u010cNA DOSTAVA | OSEBNI PREVZEM<\/td>\n<\/tr>\n<\/tbody>\n<\/table>\n<p>Naro\u010dnik blago prejme dostavljeno na naslov v skladu s pravili po\u0161tnih podjetij. Pri pla\u010dilu po povzetju se obra\u010duna provizija za pla\u010dilo po povzetju v znesku 1 \u20ac (z DDV).<\/p>\n<p>Dodatnih stro\u0161kov po\u0161iljanja po\u0161tarju ali drugemu dostavljavcu naro\u010denih artiklov iz spletne trgovine www.fotomajica.si\u00a0niste dol\u017eni poravnati!<\/p>\n<p>Najni\u017eja vrednost naro\u010dila ni dolo\u010dena, razen v \u010dasu akcije &#8220;brezpla\u010dna dostava&#8221;, ko je minimalni znesek naro\u010dila 60 \u20ac.<\/p>\n<p><b>Dobavni rok<\/b><\/p>\n<p>Naro\u010deno blago vam bomo obdelali in ga dostavili najkasneje v<strong> 3 delovnih dneh<\/strong> (<strong>obi\u010dajno 1-2 dni<\/strong>) po prejetju naro\u010dila, v kolikor je bilo naro\u010dilo potrjeno. \u010ce majic trenutno ni na zalogi, vas bomo obvestili po elektronski po\u0161ti ali telefonu.<\/p>\n<p>Za vse informacije v zvezi z va\u0161im naro\u010dilom in dostavo nam lahko po\u0161ljete e-po\u0161to na info@fotomajica.si ali pa nas pokli\u010dete na telefon naveden na spletni strani vsak delovni dan od 8. do 16. ure.<\/p>\n<h3>Osebni prevzem<\/h3>\n<p><!--\n\n\n<div style=\"border: 1px solid #cba5d1; border-radius: 3px; padding: 3px 10px 10px 10px; background: #fefbfe; margin: 5px 0; line-height: 16px; width: auto; color: #4a0f53; display: inline-block; font-size: 1.2em;\" class=\"kodaPopusta\">\n\nZaradi preventivnih ukrepov in navodil ministrstva za zdravje ter nijz glede koronavirusa, do nadaljnjega osebni prevzem blaga ni mo\u017een. Pri oddaji naro\u010dila izberite Na\u010din dostave - Po&scaron;ta Slovenije.\n\n<\/div>\n\n\nHvala za razumevanje.\n\nPri spletnem naro\u010dilu ozna\u010dite na\u010din dostave - Osebni prevzem.\n\n--><\/p>\n<p>Naro\u010dene in \u017ee pla\u010dane izdelke (predpla\u010dana naro\u010dila, pla\u010dilo po predra\u010dunu&#8230;) lahko osebno prevzamete vsak dan med<b> <\/b><strong>8. in 16. uro<\/strong> <b>v skladi\u0161\u010du , Pre\u0161ernova ulica 5, NM.<\/b><\/p>\n<\/div>\n","protected":false},"excerpt":{"rendered":"<p>&nbsp; Dostava Dostava na dom Mo\u017enost dostave Vsa naro\u010dila so navedena v \u20ac 4,29 \u20ac &#8211; Po\u0161ta Slovenije posebej ozna\u010deni izdelki (izvzeti izdelki, akcije) BREZPLA\u010cNA DOSTAVA | OSEBNI PREVZEM Naro\u010dnik blago prejme dostavljeno na naslov v skladu s pravili po\u0161tnih podjetij. Pri pla\u010dilu po povzetju se obra\u010duna provizija za pla\u010dilo po povzetju v znesku 1 [&hellip;]<\/p>\n","protected":false},"author":1,"featured_media":0,"parent":0,"menu_order":0,"comment_status":"closed","ping_status":"closed","template":"page-templates\/page-full-width.php","meta":{"footnotes":""},"class_list":["post-140","page","type-page","status-publish","hentry"],"_links":{"self":[{"href":"https:\/\/fotomajica.si\/grafika\/wp-json\/wp\/v2\/pages\/140","targetHints":{"allow":["GET"]}}],"collection":[{"href":"https:\/\/fotomajica.si\/grafika\/wp-json\/wp\/v2\/pages"}],"about":[{"href":"https:\/\/fotomajica.si\/grafika\/wp-json\/wp\/v2\/types\/page"}],"author":[{"embeddable":true,"href":"https:\/\/fotomajica.si\/grafika\/wp-json\/wp\/v2\/users\/1"}],"replies":[{"embeddable":true,"href":"https:\/\/fotomajica.si\/grafika\/wp-json\/wp\/v2\/comments?post=140"}],"version-history":[{"count":0,"href":"https:\/\/fotomajica.si\/grafika\/wp-json\/wp\/v2\/pages\/140\/revisions"}],"wp:attachment":[{"href":"https:\/\/fotomajica.si\/grafika\/wp-json\/wp\/v2\/media?parent=140"}],"curies":[{"name":"wp","href":"https:\/\/api.w.org\/{rel}","templated":true}]}}