{"id":147,"date":"2024-08-22T23:39:06","date_gmt":"2024-08-22T23:39:06","guid":{"rendered":"https:\/\/fotomajica.si\/grafika\/?page_id=147"},"modified":"2024-08-22T23:59:10","modified_gmt":"2024-08-22T23:59:10","slug":"nacin-placila","status":"publish","type":"page","link":"https:\/\/fotomajica.si\/grafika\/nacin-placila\/","title":{"rendered":"Na\u010din pla\u010dila"},"content":{"rendered":"<div id=\"ph-title\">\n<div class=\"page-title\">\n<h1>Na\u010din pla\u010dila<\/h1>\n<\/div>\n<\/div>\n<div class=\"page-body\">\n<h2>Izberite na\u010din pla\u010dila, ki vam najbolj ustreza:<\/h2>\n<div class=\"pro-desc\">\n<ul>\n<li class=\"bulleted\"><b>po povzetju<\/b>\u00a0\u2013 z gotovino<br \/>\nPri pla\u010dilu po povzetju se obra\u010duna provizija za pla\u010dilo po povzetju v znesku 1 \u20ac (z DDV).\u00a0Dodatnih stro\u0161kov po\u0161iljanja po\u0161tarju ali drugemu dostavljalcu naro\u010denih artiklov iz spletne trgovine www.printink.si niste dol\u017eni poravnati (kon\u010dni znesek za pla\u010dilo je prikazan v naslednjem koraku).<\/li>\n<li class=\"bulleted\"><b>po predra\u010dunu<\/b>, ki vam ga bomo poslali takoj po prejetju naro\u010dila<br \/>\nPredra\u010dun si lahko izdela pravna ali fizi\u010dna oseba. Javni zavodi morajo ob naro\u010dilu poslati naro\u010dilnico in so upravi\u010deni do pla\u010dila v zakonskem roku.<\/li>\n<\/ul>\n<h3><\/h3>\n<h2>Kako poteka naro\u010dilo (glede na izbiro naro\u010dila)<\/h2>\n<p><strong>Pla\u010dilo po povzetju:<\/strong><\/p>\n<ol>\n<li>pri oddaji naro\u010dila izberete na\u010din pla\u010dila &#8220;po povzetju&#8221;<\/li>\n<li>najni\u017eja vrednost naro\u010dila ni dolo\u010dena<\/li>\n<li>ko naro\u010dilo sprejmemo, ga potrdimo (po\u0161lje se vam status &#8220;potrjeno&#8221;)<\/li>\n<li>\u010de je naro\u010deno na zalogi, naro\u010dilo obdelamo in odpo\u0161ljemo (po\u0161lje se vam status &#8220;poslano&#8221;)<\/li>\n<li>paket bo dostavljen \u010dez 1-3 dni<\/li>\n<li>po\u0161tar vam bo naro\u010deno dostavil na dom, v kolikor vas ne bo doma, vam bo pustil obvestilo o prispeli po\u0161iljkiPri pla\u010dilu po povzetju se obra\u010duna provizija za pla\u010dilo po povzetju v znesku 1 \u20ac (z DDV).\u00a0Dodatnih stro\u0161kov po\u0161iljanja po\u0161tarju ali drugemu dostavljalcu naro\u010denih artiklov iz spletne trgovine www.printink.si niste dol\u017eni poravnati (kon\u010dni znesek za pla\u010dilo je prikazan v naslednjem koraku).<\/li>\n<\/ol>\n<p><strong>Pla\u010dilo po predra\u010dunu:<\/strong><\/p>\n<ol>\n<li>pri oddaji naro\u010dila izberete na\u010din pla\u010dila &#8220;po predra\u010dunu&#8221;<\/li>\n<li>najni\u017eja vrednost naro\u010dila ni dolo\u010dena<\/li>\n<li>ko naro\u010dilo sprejmemo, vam po\u0161ljemo predra\u010dun na vpisani e-po\u0161tni naslov (&#8220;pdf&#8221; priponka z vsemi potrebnimi podatki za pla\u010dilo)<\/li>\n<li>ko je pla\u010dilo izvedeno, naro\u010dilo obdelamo in odpo\u0161ljemo<\/li>\n<li>za hitrej\u0161o obdelavo naro\u010dila (po\u0161iljanje), prosimo, da nam po\u0161ljete potrdilo o pla\u010dilu<\/li>\n<li>paket bo dostavljen \u010dez 1-3 dni<\/li>\n<li>paket zgolj prevzamete, dodatnih stro\u0161kov dostavljalcu niste dol\u017eni pla\u010dati<\/li>\n<\/ol>\n<p><strong>Pla\u010dilo ob osebnem prevzemu<\/strong><\/p>\n<ol>\n<li>Naro\u010deno pla\u010date ob prevzemu na sede\u017eu podjetja<\/li>\n<li>najni\u017eja vrednost naro\u010dila ni dolo\u010dena<\/li>\n<li>Dodatnih stro\u0161kov ni<\/li>\n<\/ol>\n<p>&nbsp;<\/p>\n<\/div>\n<\/div>\n","protected":false},"excerpt":{"rendered":"<p>Na\u010din pla\u010dila Izberite na\u010din pla\u010dila, ki vam najbolj ustreza: po povzetju\u00a0\u2013 z gotovino Pri pla\u010dilu po povzetju se obra\u010duna provizija za pla\u010dilo po povzetju v znesku 1 \u20ac (z DDV).\u00a0Dodatnih stro\u0161kov po\u0161iljanja po\u0161tarju ali drugemu dostavljalcu naro\u010denih artiklov iz spletne trgovine www.printink.si niste dol\u017eni poravnati (kon\u010dni znesek za pla\u010dilo je prikazan v naslednjem koraku). po [&hellip;]<\/p>\n","protected":false},"author":1,"featured_media":0,"parent":0,"menu_order":0,"comment_status":"closed","ping_status":"closed","template":"page-templates\/page-full-width.php","meta":{"footnotes":""},"class_list":["post-147","page","type-page","status-publish","hentry"],"_links":{"self":[{"href":"https:\/\/fotomajica.si\/grafika\/wp-json\/wp\/v2\/pages\/147","targetHints":{"allow":["GET"]}}],"collection":[{"href":"https:\/\/fotomajica.si\/grafika\/wp-json\/wp\/v2\/pages"}],"about":[{"href":"https:\/\/fotomajica.si\/grafika\/wp-json\/wp\/v2\/types\/page"}],"author":[{"embeddable":true,"href":"https:\/\/fotomajica.si\/grafika\/wp-json\/wp\/v2\/users\/1"}],"replies":[{"embeddable":true,"href":"https:\/\/fotomajica.si\/grafika\/wp-json\/wp\/v2\/comments?post=147"}],"version-history":[{"count":0,"href":"https:\/\/fotomajica.si\/grafika\/wp-json\/wp\/v2\/pages\/147\/revisions"}],"wp:attachment":[{"href":"https:\/\/fotomajica.si\/grafika\/wp-json\/wp\/v2\/media?parent=147"}],"curies":[{"name":"wp","href":"https:\/\/api.w.org\/{rel}","templated":true}]}}