{"id":21,"date":"2024-08-21T16:00:31","date_gmt":"2024-08-21T16:00:31","guid":{"rendered":"https:\/\/fotomajica.si\/grafika\/moj-racun\/"},"modified":"2024-09-10T20:27:52","modified_gmt":"2024-09-10T20:27:52","slug":"moj-racun","status":"publish","type":"page","link":"https:\/\/fotomajica.si\/grafika\/moj-racun\/","title":{"rendered":"Moj ra\u010dun"},"content":{"rendered":"<p>OPOMBA!<\/p>\r\n<p><b>Predogled in urejanje dizajna je mo\u017eno vse dokler je na voljo stanje va\u0161ega naro\u010dila <mark class=\"order-status\">&#8221; V obdelavi &#8220;<\/mark>.<\/b><\/p>\r\n<hr \/><div class=\"woocommerce\"><\/div><p>&nbsp;<\/p>\r\n<p>&nbsp;<\/p>\r\n<hr \/>\r\n<p>Izdelava in produkcija | WEB Creativa\u00a0<\/p>","protected":false},"excerpt":{"rendered":"<p>OPOMBA! Predogled in urejanje dizajna je mo\u017eno vse dokler je na voljo stanje va\u0161ega naro\u010dila &#8221; V obdelavi &#8220;. &nbsp; &nbsp; Izdelava in produkcija | WEB Creativa\u00a0<\/p>\n","protected":false},"author":1,"featured_media":0,"parent":0,"menu_order":0,"comment_status":"closed","ping_status":"closed","template":"page-templates\/page-full-width.php","meta":{"footnotes":""},"class_list":["post-21","page","type-page","status-publish","hentry"],"_links":{"self":[{"href":"https:\/\/fotomajica.si\/grafika\/wp-json\/wp\/v2\/pages\/21","targetHints":{"allow":["GET"]}}],"collection":[{"href":"https:\/\/fotomajica.si\/grafika\/wp-json\/wp\/v2\/pages"}],"about":[{"href":"https:\/\/fotomajica.si\/grafika\/wp-json\/wp\/v2\/types\/page"}],"author":[{"embeddable":true,"href":"https:\/\/fotomajica.si\/grafika\/wp-json\/wp\/v2\/users\/1"}],"replies":[{"embeddable":true,"href":"https:\/\/fotomajica.si\/grafika\/wp-json\/wp\/v2\/comments?post=21"}],"version-history":[{"count":6,"href":"https:\/\/fotomajica.si\/grafika\/wp-json\/wp\/v2\/pages\/21\/revisions"}],"predecessor-version":[{"id":208,"href":"https:\/\/fotomajica.si\/grafika\/wp-json\/wp\/v2\/pages\/21\/revisions\/208"}],"wp:attachment":[{"href":"https:\/\/fotomajica.si\/grafika\/wp-json\/wp\/v2\/media?parent=21"}],"curies":[{"name":"wp","href":"https:\/\/api.w.org\/{rel}","templated":true}]}}